{"id":808,"date":"2023-06-02T09:55:53","date_gmt":"2023-06-02T09:55:53","guid":{"rendered":"https:\/\/lasdosmanos.pt\/product\/voucher-valor\/"},"modified":"2023-09-21T06:22:21","modified_gmt":"2023-09-21T06:22:21","slug":"voucher-valor","status":"publish","type":"product","link":"https:\/\/lasdosmanos.pt\/en\/product\/voucher-valor\/","title":{"rendered":"Gift Voucher"},"content":{"rendered":"<p>O \u201cVoucher Oferta\u201d tem o valor de 50\u20ac e validade de 4 meses.<\/p>\n<p>Poder\u00e1 utilizar mais que um Voucher numa mesma refei\u00e7\u00e3o.<\/p>\n","protected":false},"excerpt":{"rendered":"<p>O \u201cVoucher Oferta\u201d tem o valor de 50\u20ac e validade de 4 meses. Poder\u00e1 utilizar mais que um Voucher numa mesma refei\u00e7\u00e3o.<\/p>\n","protected":false},"featured_media":573,"template":"","meta":[],"product_brand":[],"product_cat":[64],"product_tag":[],"class_list":{"0":"post-808","1":"product","2":"type-product","3":"status-publish","4":"has-post-thumbnail","6":"product_cat-vouchers-en","8":"first","9":"instock","10":"downloadable","11":"shipping-taxable","12":"purchasable","13":"product-type-simple"},"_links":{"self":[{"href":"https:\/\/lasdosmanos.pt\/en\/wp-json\/wp\/v2\/product\/808","targetHints":{"allow":["GET"]}}],"collection":[{"href":"https:\/\/lasdosmanos.pt\/en\/wp-json\/wp\/v2\/product"}],"about":[{"href":"https:\/\/lasdosmanos.pt\/en\/wp-json\/wp\/v2\/types\/product"}],"wp:featuredmedia":[{"embeddable":true,"href":"https:\/\/lasdosmanos.pt\/en\/wp-json\/wp\/v2\/media\/573"}],"wp:attachment":[{"href":"https:\/\/lasdosmanos.pt\/en\/wp-json\/wp\/v2\/media?parent=808"}],"wp:term":[{"taxonomy":"product_brand","embeddable":true,"href":"https:\/\/lasdosmanos.pt\/en\/wp-json\/wp\/v2\/product_brand?post=808"},{"taxonomy":"product_cat","embeddable":true,"href":"https:\/\/lasdosmanos.pt\/en\/wp-json\/wp\/v2\/product_cat?post=808"},{"taxonomy":"product_tag","embeddable":true,"href":"https:\/\/lasdosmanos.pt\/en\/wp-json\/wp\/v2\/product_tag?post=808"}],"curies":[{"name":"wp","href":"https:\/\/api.w.org\/{rel}","templated":true}]}}