{"id":807,"date":"2023-06-01T09:55:53","date_gmt":"2023-06-01T09:55:53","guid":{"rendered":"https:\/\/lasdosmanos.pt\/product\/menu-de-degustacao-2-pessoas\/"},"modified":"2023-09-21T06:19:39","modified_gmt":"2023-09-21T06:19:39","slug":"menu-de-degustacao-2-pessoas","status":"publish","type":"product","link":"https:\/\/lasdosmanos.pt\/en\/product\/menu-de-degustacao-2-pessoas\/","title":{"rendered":"Tasting Menu Voucher (2 People)"},"content":{"rendered":"","protected":false},"excerpt":{"rendered":"<p>O \u201cVoucher Menu de Degusta\u00e7\u00e3o\u201d para duas pessoas, permite-lhe disfrutar do exclusivo Menu de Degusta\u00e7\u00e3o do Las Dos Manos que viaja pelos diversos pratos de Assinatura do Chef Kiko.<\/p>\n<p>Composto por seis momentos, um dos quais sobremesa, poder\u00e1 usufruir do mesmo no per\u00edodo de Almo\u00e7o ou de Jantar (n\u00e3o inclui bebidas). Valor de 145\u20ac e 4 meses de validade.<\/p>\n","protected":false},"featured_media":572,"template":"","meta":[],"product_brand":[],"product_cat":[64],"product_tag":[],"class_list":{"0":"post-807","1":"product","2":"type-product","3":"status-publish","4":"has-post-thumbnail","6":"product_cat-vouchers-en","8":"first","9":"instock","10":"downloadable","11":"shipping-taxable","12":"purchasable","13":"product-type-simple"},"_links":{"self":[{"href":"https:\/\/lasdosmanos.pt\/en\/wp-json\/wp\/v2\/product\/807","targetHints":{"allow":["GET"]}}],"collection":[{"href":"https:\/\/lasdosmanos.pt\/en\/wp-json\/wp\/v2\/product"}],"about":[{"href":"https:\/\/lasdosmanos.pt\/en\/wp-json\/wp\/v2\/types\/product"}],"wp:featuredmedia":[{"embeddable":true,"href":"https:\/\/lasdosmanos.pt\/en\/wp-json\/wp\/v2\/media\/572"}],"wp:attachment":[{"href":"https:\/\/lasdosmanos.pt\/en\/wp-json\/wp\/v2\/media?parent=807"}],"wp:term":[{"taxonomy":"product_brand","embeddable":true,"href":"https:\/\/lasdosmanos.pt\/en\/wp-json\/wp\/v2\/product_brand?post=807"},{"taxonomy":"product_cat","embeddable":true,"href":"https:\/\/lasdosmanos.pt\/en\/wp-json\/wp\/v2\/product_cat?post=807"},{"taxonomy":"product_tag","embeddable":true,"href":"https:\/\/lasdosmanos.pt\/en\/wp-json\/wp\/v2\/product_tag?post=807"}],"curies":[{"name":"wp","href":"https:\/\/api.w.org\/{rel}","templated":true}]}}