{"id":581,"date":"2023-08-14T18:13:45","date_gmt":"2023-08-14T18:13:45","guid":{"rendered":"https:\/\/lasdosmanos.pt\/?page_id=581"},"modified":"2023-11-22T03:15:55","modified_gmt":"2023-11-22T03:15:55","slug":"noticias","status":"publish","type":"page","link":"https:\/\/lasdosmanos.pt\/en\/noticias\/","title":{"rendered":"News"},"content":{"rendered":"\t\t<div data-elementor-type=\"wp-page\" data-elementor-id=\"581\" class=\"elementor elementor-581 elementor-25\" data-elementor-post-type=\"page\">\n\t\t\t\t\t\t<section class=\"elementor-section elementor-top-section elementor-element elementor-element-4c1d31f elementor-section-height-min-height elementor-section-boxed elementor-section-height-default elementor-section-items-middle\" data-id=\"4c1d31f\" data-element_type=\"section\" data-e-type=\"section\" data-settings=\"{&quot;background_background&quot;:&quot;classic&quot;}\">\n\t\t\t\t\t\t\t<div class=\"elementor-background-overlay\"><\/div>\n\t\t\t\t\t\t\t<div class=\"elementor-container elementor-column-gap-default\">\n\t\t\t\t\t<div class=\"elementor-column elementor-col-100 elementor-top-column elementor-element elementor-element-c38f379\" data-id=\"c38f379\" data-element_type=\"column\" data-e-type=\"column\">\n\t\t\t<div class=\"elementor-widget-wrap elementor-element-populated\">\n\t\t\t\t\t\t<section class=\"elementor-section elementor-inner-section elementor-element elementor-element-47f4c19 elementor-section-boxed elementor-section-height-default elementor-section-height-default\" data-id=\"47f4c19\" data-element_type=\"section\" data-e-type=\"section\">\n\t\t\t\t\t\t<div class=\"elementor-container elementor-column-gap-default\">\n\t\t\t\t\t<div class=\"elementor-column elementor-col-100 elementor-inner-column elementor-element elementor-element-5e5b8db\" data-id=\"5e5b8db\" data-element_type=\"column\" data-e-type=\"column\">\n\t\t\t<div class=\"elementor-widget-wrap elementor-element-populated\">\n\t\t\t\t\t\t<div class=\"elementor-element elementor-element-ec63f1e elementor-widget__width-auto brandTwo recruMainBrand elementor-widget elementor-widget-heading\" data-id=\"ec63f1e\" data-element_type=\"widget\" data-e-type=\"widget\" data-widget_type=\"heading.default\">\n\t\t\t\t<div class=\"elementor-widget-container\">\n\t\t\t\t\t<h1 class=\"elementor-heading-title elementor-size-default\">NEWS<\/h1>\t\t\t\t<\/div>\n\t\t\t\t<\/div>\n\t\t\t\t<div class=\"elementor-element elementor-element-43b28de elementor-widget elementor-widget-heading\" data-id=\"43b28de\" data-element_type=\"widget\" data-e-type=\"widget\" data-widget_type=\"heading.default\">\n\t\t\t\t<div class=\"elementor-widget-container\">\n\t\t\t\t\t<h3 class=\"elementor-heading-title elementor-size-default\">ONE OF THE BEST MEXICAN RESTAURANTS IN LISBON<\/h3>\t\t\t\t<\/div>\n\t\t\t\t<\/div>\n\t\t\t\t\t<\/div>\n\t\t<\/div>\n\t\t\t\t\t<\/div>\n\t\t<\/section>\n\t\t\t\t\t<\/div>\n\t\t<\/div>\n\t\t\t\t\t<\/div>\n\t\t<\/section>\n\t\t\t\t<section class=\"elementor-section elementor-top-section elementor-element elementor-element-4ea428a elementor-section-full_width elementor-section-stretched elementor-section-height-default elementor-section-height-default\" data-id=\"4ea428a\" data-element_type=\"section\" data-e-type=\"section\" data-settings=\"{&quot;stretch_section&quot;:&quot;section-stretched&quot;}\">\n\t\t\t\t\t\t<div class=\"elementor-container elementor-column-gap-default\">\n\t\t\t\t\t<div class=\"elementor-column elementor-col-100 elementor-top-column elementor-element elementor-element-fa70d3d\" data-id=\"fa70d3d\" data-element_type=\"column\" data-e-type=\"column\">\n\t\t\t<div class=\"elementor-widget-wrap elementor-element-populated\">\n\t\t\t\t\t\t<div class=\"elementor-element elementor-element-70a0b44 elementor-widget elementor-widget-shortcode\" data-id=\"70a0b44\" data-element_type=\"widget\" data-e-type=\"widget\" data-widget_type=\"shortcode.default\">\n\t\t\t\t<div class=\"elementor-widget-container\">\n\t\t\t\t\t        <div class=\"blogs\">\n                                <div class=\"eachPost \">\n                        <div class=\"entry \">\n                            <div class=\"contentBox brandTwo aboutBrand recruBrand\">\n                                <div class=\"innerBox\">\n                                    <h3>Must | Jornal de Neg\u00f3cios<\/h3>\n                                    <h2>O Novo Restaurante Mexicano de Lisboa<\/h2>\n                                    <p>\n<p>Assim que nos aproximamos do n\u00famero 59 daquela rua, uma placa onde se pode ler \"Mexico meets Japan\", confirmamos as expetativas criadas: n\u00e3o se trata de um restaurante mexicano, mas tamb\u00e9m n\u00e3o \u00e9 um japon\u00eas como vulgarmente o entendemos.<\/p>\n\n\n\n<p>\u200b<\/p>\n\n\n\n<p>Al\u00e9m da placa, os tons convidativos que pintam a fachada, algures entre o verde e o azul turquesa, transportam-nos para outras paragens.<\/p>\n<\/p>\n                                <\/div>\n                            <\/div>\n                        <\/div>\n                        <div class=\"imgBox zoomEffect\">\n                            <div class=\"image\" style=\"background-image: url('https:\/\/lasdosmanos.pt\/wp-content\/uploads\/2023\/09\/31_LAS_DOS_MANOS.jpg');\"><\/div>\n                        <\/div>  \n                    <\/div>\n                                    <div class=\"eachPost reverse\">\n                        <div class=\"entry \">\n                            <div class=\"contentBox brandTwo aboutBrand recruBrand\">\n                                <div class=\"innerBox\">\n                                    <h3>Time Out<\/h3>\n                                    <h2>Os melhores novos restaurantes em Lisboa<\/h2>\n                                    <p>\n<p>Se h\u00e1 coisa que podemos esperar de Francisco Martins \u2013 ou chef Kiko, como \u00e9 conhecido \u2013 s\u00e3o ideias fora da caixa.<\/p>\n\n\n\n<p>Arrojado mas fiel \u00e0 sua filosofia de viajante do mundo, o que Kiko faz no seu novo restaurante \u00e9 juntar as cozinhas do M\u00e9xico e do Jap\u00e3o, numa simbiose que respeita os cl\u00e1ssicos mexicanos, mas que lhe acrescenta apontamentos e t\u00e9cnicas japonesas.<\/p>\n<\/p>\n                                <\/div>\n                            <\/div>\n                        <\/div>\n                        <div class=\"imgBox zoomEffect\">\n                            <div class=\"image\" style=\"background-image: url('https:\/\/lasdosmanos.pt\/wp-content\/uploads\/2023\/08\/63_CARTA_Las-Dos-Manos.jpg');\"><\/div>\n                        <\/div>  \n                    <\/div>\n                                    <div class=\"eachPost \">\n                        <div class=\"entry blackEntry\">\n                            <div class=\"contentBox brandTwo aboutBrand recruBrand\">\n                                <div class=\"innerBox\">\n                                    <h3>MAGG<\/h3>\n                                    <h2>Uma fus\u00e3o das cozinhas mexicana e japonesa que nos transporta de cultura em cultura<\/h2>\n                                    <p>\n<p>or, m\u00fasica e um ambiente cosmopolita. \u00c9 assim que somos recebidos no La Dos Manos, o novo restaurante de Kiko Martins.<\/p>\n\n\n\n<p>Em plena baixa lisboeta, mesmo ao p\u00e9 do Miradouro S\u00e3o Pedro de Alc\u00e2ntara, somos convidados a embarcar numa viagem de sabores que nos transporta da cultura mexicana para a cultura japonesa.&nbsp;<\/p>\n<\/p>\n                                <\/div>\n                            <\/div>\n                        <\/div>\n                        <div class=\"imgBox zoomEffect\">\n                            <div class=\"image\" style=\"background-image: url('https:\/\/lasdosmanos.pt\/wp-content\/uploads\/2023\/08\/15_LAS_DOS_MANOS.jpg');\"><\/div>\n                        <\/div>  \n                    <\/div>\n                                    <div class=\"eachPost reverse\">\n                        <div class=\"entry \">\n                            <div class=\"contentBox brandTwo aboutBrand recruBrand\">\n                                <div class=\"innerBox\">\n                                    <h3>Vis\u00e3o<\/h3>\n                                    <h2>Uma m\u00e3o no M\u00e9xico, outra no Jap\u00e3o<\/h2>\n                                    <p>\n<p>Conhecido por servir comida do mundo, Kiko Martins aposta agora numa base gastron\u00f3mica mexicana, em que n\u00e3o faltam os tacos, os aguachiles, as tostadas e as quesadillas preparadas com katsuobushi (conserva seca de peixe), togarashi ou yuzu.<\/p>\n<\/p>\n                                <\/div>\n                            <\/div>\n                        <\/div>\n                        <div class=\"imgBox zoomEffect\">\n                            <div class=\"image\" style=\"background-image: url('https:\/\/lasdosmanos.pt\/wp-content\/uploads\/2023\/08\/56_CARTA_Las-Dos-Manos.jpg');\"><\/div>\n                        <\/div>  \n                    <\/div>\n                                    <div class=\"eachPost \">\n                        <div class=\"entry \">\n                            <div class=\"contentBox brandTwo aboutBrand recruBrand\">\n                                <div class=\"innerBox\">\n                                    <h3>Lux Woman<\/h3>\n                                    <h2>Las Dos Manos: o melhor do M\u00e9xico com um twist japon\u00eas<\/h2>\n                                    <p>\n<p>Com a eleg\u00e2ncia da cozinha japonesa e o salero da cozinha mexicana, surge o Las Dos Manos. Este novo restaurante do chef Kiko Martins n\u00e3o poderia ser mais irreverente.<\/p>\n\n\n\n<p>\u200b<\/p>\n\n\n\n<p>Ao entrar somos recebidas por uma Frida Khalo e uma gueixa envoltas em flores tipicamente japonesas e avistamos duas barras, com 16 lugares, que permitem aos mais curiosos apreciar os pratos a serem confecionados.<\/p>\n<\/p>\n                                <\/div>\n                            <\/div>\n                        <\/div>\n                        <div class=\"imgBox zoomEffect\">\n                            <div class=\"image\" style=\"background-image: url('https:\/\/lasdosmanos.pt\/wp-content\/uploads\/2023\/08\/73_CARTA_Las-Dos-Manos.jpg');\"><\/div>\n                        <\/div>  \n                    <\/div>\n                                    <div class=\"eachPost reverse\">\n                        <div class=\"entry blackEntry\">\n                            <div class=\"contentBox brandTwo aboutBrand recruBrand\">\n                                <div class=\"innerBox\">\n                                    <h3>NiT<\/h3>\n                                    <h2>Comida Mexicana ao Estilo Japon\u00eas<\/h2>\n                                    <p>\n<p>A minha ideia era ter um mexicano high level, ou seja, com ingredientes de elevada qualidade, em que trabalh\u00e1ssemos o carabineiro, o caviar, bons produtos portugueses e n\u00e3o s\u00f3.<\/p>\n\n\n\n<p>Ao fazer os testes, percebi que havia aqui um lado japon\u00eas que se podia conjugar muito bem. Resolvi pesquisar na internet se existia algo do g\u00e9nero e, quando n\u00e3o, encontrei, fiquei um pouco na d\u00favida sobre se faria sentido, mas resolvi arriscar.&nbsp;<\/p>\n<\/p>\n                                <\/div>\n                            <\/div>\n                        <\/div>\n                        <div class=\"imgBox zoomEffect\">\n                            <div class=\"image\" style=\"background-image: url('https:\/\/lasdosmanos.pt\/wp-content\/uploads\/2023\/08\/32_LAS_DOS_MANOS.jpg');\"><\/div>\n                        <\/div>  \n                    <\/div>\n                                    <div class=\"eachPost \">\n                        <div class=\"entry \">\n                            <div class=\"contentBox brandTwo aboutBrand recruBrand\">\n                                <div class=\"innerBox\">\n                                    <h3>Time Out<\/h3>\n                                    <h2>Um restaurante de matriz mexicana com apontamentos japoneses<\/h2>\n                                    <p>\n<p>Se h\u00e1 coisa que podemos esperar de Francisco Martins, ou chef Kiko, como \u00e9 mais conhecido, s\u00e3o ideias fora das caixa.<\/p>\n\n\n\n<p>Concretizou-as, por exemplo, n\u2019 O Talho, que \u00e9 simultaneamente loja e restaurante; na Cevicheria, que junta os sabores peruanos aos portugueses; e agora no Las Dos Manos, que acaba de abrir no Pr\u00edncipe Real, junto ao Miradouro de S\u00e3o Pedro de Alc\u00e2ntara. \u201cO Ctrl+C\/ Ctrl+V nunca fez parte do meu ADN\u201d, garante o chef, que nos recebe. \u201cD\u00e1-me gozo correr riscos\u201d.&nbsp;<\/p>\n<\/p>\n                                <\/div>\n                            <\/div>\n                        <\/div>\n                        <div class=\"imgBox zoomEffect\">\n                            <div class=\"image\" style=\"background-image: url('https:\/\/lasdosmanos.pt\/wp-content\/uploads\/2023\/08\/11_LAS_DOS_MANOS.jpg');\"><\/div>\n                        <\/div>  \n                    <\/div>\n                                    <div class=\"eachPost reverse\">\n                        <div class=\"entry \">\n                            <div class=\"contentBox brandTwo aboutBrand recruBrand\">\n                                <div class=\"innerBox\">\n                                    <h3>Activa<\/h3>\n                                    <h2>Las Dos Manos, o novo para\u00edso gastron\u00f3mico do Chef Kiko<\/h2>\n                                    <p>\n<p>Localizado no Bairro Alto, bem no cora\u00e7\u00e3o de Lisboa, o novo restaurante do chef Kiko \u00e9 uma imperd\u00edvel e saborosa viagem gastron\u00f3mica.<\/p>\n\n\n\n<p>E a vis\u00e3o \u00e9 extamente o primeiro sentido a ser estimulado quando se entra no Las Dos Manos, o novo projeto do conhecido chef Kiko, no Bairro Alto, a dois passos do Jardim de S\u00e3o Pedro de Alc\u00e2ntara, em Lisboa.<\/p>\n<\/p>\n                                <\/div>\n                            <\/div>\n                        <\/div>\n                        <div class=\"imgBox zoomEffect\">\n                            <div class=\"image\" style=\"background-image: url('https:\/\/lasdosmanos.pt\/wp-content\/uploads\/2023\/09\/43_CARTA_Las-Dos-Manos.jpg');\"><\/div>\n                        <\/div>  \n                    <\/div>\n                                    <div class=\"eachPost \">\n                        <div class=\"entry blackEntry\">\n                            <div class=\"contentBox brandTwo aboutBrand recruBrand\">\n                                <div class=\"innerBox\">\n                                    <h3>Onde Vamos Jantar<\/h3>\n                                    <h2>O M\u00e9xico e o Jap\u00e3o juntos&#8230; e \u00e9 fant\u00e1stico!<\/h2>\n                                    <p>\n<p>O Las Dos Manos \u00e9, acima de tudo, duas coisas diferentes: em primeiro lugar, uma demonstra\u00e7\u00e3o clara daquilo que o Chef Kiko quer da sua cozinha \u2013 criatividade, sabor, experi\u00eancias inesquec\u00edveis; e depois, \u00e9 sem d\u00favida nenhuma uma das grandes aberturas do anos de 2022\u2026 ali\u00e1s, desconfiamos que este vai ser mais um daqueles restaurantes-bandeira do \u201cimp\u00e9rio\u201d do Chef Kiko.<\/p>\n\n\n\n<p>Porque \u00e9 cool, porque est\u00e1 bem localizado, porque tem buzz\u2026 e, acima de tudo, porque tem comida t\u00e3o incr\u00edvel que facilmente se vai tornar uma refer\u00eancia no panorama da restaura\u00e7\u00e3o lisboeta!<\/p>\n<\/p>\n                                <\/div>\n                            <\/div>\n                        <\/div>\n                        <div class=\"imgBox zoomEffect\">\n                            <div class=\"image\" style=\"background-image: url('https:\/\/lasdosmanos.pt\/wp-content\/uploads\/2023\/08\/33_LAS_DOS_MANOS.jpg');\"><\/div>\n                        <\/div>  \n                    <\/div>\n                                    <div class=\"eachPost reverse\">\n                        <div class=\"entry \">\n                            <div class=\"contentBox brandTwo aboutBrand recruBrand\">\n                                <div class=\"innerBox\">\n                                    <h3>Vivian Bibliowicz<\/h3>\n                                    <h2>Las Dos Manos, Una En M\u00e9xico Y Otra En Jap\u00f3n Por Kiko Martins<\/h2>\n                                    <p>\n<p>Kiko Martins (Brasil) es un apasionado del mundo. Qued\u00f3 &nbsp;prendado por la cocina mexicana donde viaj\u00f3 m\u00faltiples veces. Se decidi\u00f3 en abrir un restaurante en donde una selecci\u00f3n de los platillos mexicanos que lo conquistaron los presenta con un twist japon\u00e9s.<\/p>\n\n\n\n<p>\u200b<\/p>\n\n\n\n<p>Aconsejamos &nbsp;sentarte en la barra para conseguir disfrutar de lo que pasa en cocina mientras comes.<\/p>\n<\/p>\n                                <\/div>\n                            <\/div>\n                        <\/div>\n                        <div class=\"imgBox zoomEffect\">\n                            <div class=\"image\" style=\"background-image: url('https:\/\/lasdosmanos.pt\/wp-content\/uploads\/2023\/08\/53_CARTA_Las-Dos-Manos.jpg');\"><\/div>\n                        <\/div>  \n                    <\/div>\n                                    <div class=\"eachPost \">\n                        <div class=\"entry \">\n                            <div class=\"contentBox brandTwo aboutBrand recruBrand\">\n                                <div class=\"innerBox\">\n                                    <h3>Expresso<\/h3>\n                                    <h2>Las Dos Manos: o melhor do M\u00e9xico com um twist japon\u00eas<\/h2>\n                                    <p>\n<p>\u00c9 a mais recente e, provavelmente, a mais ousada aposta do medi\u00e1tico chef Kiko Martins, um apaixonado pelos sabores do mundo. Assim que nos aproximamos da porta, percebemos pelas cores da fachada, em verde e azul-turquesa, que algo de \u201ccaliente\u201d se passa.<\/p>\n\n\n\n<p>O menu do Las Dos Manos abre com quatro op\u00e7\u00f5es de tacos, onde o cl\u00e1ssico \u201cAl Pastor de secretos de porco preto e anan\u00e1s\u201d encabe\u00e7a a lista.&nbsp;<\/p>\n<\/p>\n                                <\/div>\n                            <\/div>\n                        <\/div>\n                        <div class=\"imgBox zoomEffect\">\n                            <div class=\"image\" style=\"background-image: url('https:\/\/lasdosmanos.pt\/wp-content\/uploads\/2023\/08\/87_CARTA_Las-Dos-Manos.jpg');\"><\/div>\n                        <\/div>  \n                    <\/div>\n                                    <div class=\"eachPost reverse\">\n                        <div class=\"entry blackEntry\">\n                            <div class=\"contentBox brandTwo aboutBrand recruBrand\">\n                                <div class=\"innerBox\">\n                                    <h3>M\u00e1xima<\/h3>\n                                    <h2>Quatro restaurantes em Lisboa para experimentar agora<\/h2>\n                                    <p>\n<p>Trata-se de um mexicano descontra\u00eddo cuja base s\u00e3o os bons ingredientes e uma prepara\u00e7\u00e3o muito bem feita, \"coisinhas boas e acabadas de fazer com toques mexicanos e o Jap\u00e3o l\u00e1 dentro\", diz-nos o pr\u00f3prio enquanto nos entrega vagens de edamame para entreter o est\u00f4mago, dois tipos diferentes de totopos, acompanhados de guacamole, queijo e um pequeno recipiente com malagueta fumada.<\/p>\n<\/p>\n                                <\/div>\n                            <\/div>\n                        <\/div>\n                        <div class=\"imgBox zoomEffect\">\n                            <div class=\"image\" style=\"background-image: url('https:\/\/lasdosmanos.pt\/wp-content\/uploads\/2023\/08\/11_CARTA_Las-Dos-Manos.jpg');\"><\/div>\n                        <\/div>  \n                    <\/div>\n                                    <div class=\"eachPost \">\n                        <div class=\"entry \">\n                            <div class=\"contentBox brandTwo aboutBrand recruBrand\">\n                                <div class=\"innerBox\">\n                                    <h3>Evas\u00f5es<\/h3>\n                                    <h2>Chef Kiko tem o cora\u00e7\u00e3o no M\u00e9xico e um p\u00e9 no Jap\u00e3o<\/h2>\n                                    <p>\n<p>O desejo de abrir um mexicano \u201chigh level\u201d j\u00e1 era antigo e concretizou-se agora em Lisboa, com o Las Dos Manos. \u00c0 ruralidade da cozinha mexicana, Kiko Martins juntou uma boa dose da eleg\u00e2ncia japonesa. <\/p>\n\n\n\n<p>\u200b<\/p>\n\n\n\n<p>Ainda que recente, o feedback n\u00e3o podia ser mais positivo. Mesmo criando este projeto \u201creceoso\u201d, depois de dois anos duros de pandemia que melindram a autoestima de qualquer chef.<\/p>\n<\/p>\n                                <\/div>\n                            <\/div>\n                        <\/div>\n                        <div class=\"imgBox zoomEffect\">\n                            <div class=\"image\" style=\"background-image: url('https:\/\/lasdosmanos.pt\/wp-content\/uploads\/2023\/08\/39_LAS_DOS_MANOS.jpg');\"><\/div>\n                        <\/div>  \n                    <\/div>\n                        <\/div>\n    \t\t<div class=\"elementor-shortcode\"><\/div>\n\t\t\t\t\t\t<\/div>\n\t\t\t\t<\/div>\n\t\t\t\t\t<\/div>\n\t\t<\/div>\n\t\t\t\t\t<\/div>\n\t\t<\/section>\n\t\t\t\t<\/div>\n\t\t","protected":false},"excerpt":{"rendered":"<p>NEWS ONE OF THE BEST MEXICAN RESTAURANTS IN LISBON<\/p>\n","protected":false},"author":1,"featured_media":539,"parent":0,"menu_order":0,"comment_status":"closed","ping_status":"closed","template":"elementor_header_footer","meta":{"footnotes":""},"class_list":["post-581","page","type-page","status-publish","has-post-thumbnail","hentry"],"_links":{"self":[{"href":"https:\/\/lasdosmanos.pt\/en\/wp-json\/wp\/v2\/pages\/581","targetHints":{"allow":["GET"]}}],"collection":[{"href":"https:\/\/lasdosmanos.pt\/en\/wp-json\/wp\/v2\/pages"}],"about":[{"href":"https:\/\/lasdosmanos.pt\/en\/wp-json\/wp\/v2\/types\/page"}],"author":[{"embeddable":true,"href":"https:\/\/lasdosmanos.pt\/en\/wp-json\/wp\/v2\/users\/1"}],"replies":[{"embeddable":true,"href":"https:\/\/lasdosmanos.pt\/en\/wp-json\/wp\/v2\/comments?post=581"}],"version-history":[{"count":19,"href":"https:\/\/lasdosmanos.pt\/en\/wp-json\/wp\/v2\/pages\/581\/revisions"}],"predecessor-version":[{"id":998,"href":"https:\/\/lasdosmanos.pt\/en\/wp-json\/wp\/v2\/pages\/581\/revisions\/998"}],"wp:featuredmedia":[{"embeddable":true,"href":"https:\/\/lasdosmanos.pt\/en\/wp-json\/wp\/v2\/media\/539"}],"wp:attachment":[{"href":"https:\/\/lasdosmanos.pt\/en\/wp-json\/wp\/v2\/media?parent=581"}],"curies":[{"name":"wp","href":"https:\/\/api.w.org\/{rel}","templated":true}]}}